{"id":308,"date":"2021-05-19T18:11:52","date_gmt":"2021-05-19T16:11:52","guid":{"rendered":"https:\/\/www.ledomaineducerf.fr\/?page_id=308"},"modified":"2021-05-20T16:13:08","modified_gmt":"2021-05-20T14:13:08","slug":"beneficier-du-wifi-gratuit","status":"publish","type":"page","link":"https:\/\/www.ledomaineducerf.fr\/?page_id=308","title":{"rendered":"WIFI gratuit"},"content":{"rendered":"\n<p>Le Gite est \u00e9quip\u00e9 d&rsquo;une connexion Internet de haut d\u00e9bit et l&rsquo;ensemble des pi\u00e8ces est couvert par le WIFI et la 4G.<\/p>\n","protected":false},"excerpt":{"rendered":"<p>Le Gite est \u00e9quip\u00e9 d&rsquo;une connexion Internet de haut d\u00e9bit et l&rsquo;ensemble des pi\u00e8ces est couvert par le WIFI et la 4G.<\/p>\n","protected":false},"author":1,"featured_media":0,"parent":0,"menu_order":0,"comment_status":"closed","ping_status":"closed","template":"","meta":{"om_disable_all_campaigns":false,"_monsterinsights_skip_tracking":false,"_monsterinsights_sitenote_active":false,"_monsterinsights_sitenote_note":"","_monsterinsights_sitenote_category":0,"_uf_show_specific_survey":0,"_uf_disable_surveys":false,"footnotes":""},"class_list":["post-308","page","type-page","status-publish","hentry"],"aioseo_notices":[],"_links":{"self":[{"href":"https:\/\/www.ledomaineducerf.fr\/index.php?rest_route=\/wp\/v2\/pages\/308"}],"collection":[{"href":"https:\/\/www.ledomaineducerf.fr\/index.php?rest_route=\/wp\/v2\/pages"}],"about":[{"href":"https:\/\/www.ledomaineducerf.fr\/index.php?rest_route=\/wp\/v2\/types\/page"}],"author":[{"embeddable":true,"href":"https:\/\/www.ledomaineducerf.fr\/index.php?rest_route=\/wp\/v2\/users\/1"}],"replies":[{"embeddable":true,"href":"https:\/\/www.ledomaineducerf.fr\/index.php?rest_route=%2Fwp%2Fv2%2Fcomments&post=308"}],"version-history":[{"count":3,"href":"https:\/\/www.ledomaineducerf.fr\/index.php?rest_route=\/wp\/v2\/pages\/308\/revisions"}],"predecessor-version":[{"id":323,"href":"https:\/\/www.ledomaineducerf.fr\/index.php?rest_route=\/wp\/v2\/pages\/308\/revisions\/323"}],"wp:attachment":[{"href":"https:\/\/www.ledomaineducerf.fr\/index.php?rest_route=%2Fwp%2Fv2%2Fmedia&parent=308"}],"curies":[{"name":"wp","href":"https:\/\/api.w.org\/{rel}","templated":true}]}}