{"id":348,"date":"2022-03-13T17:19:00","date_gmt":"2022-03-13T16:19:00","guid":{"rendered":"https:\/\/www.ledomaineducerf.fr\/?page_id=348"},"modified":"2022-03-13T17:12:20","modified_gmt":"2022-03-13T16:12:20","slug":"decouvrez-la-region","status":"publish","type":"page","link":"https:\/\/www.ledomaineducerf.fr\/?page_id=348","title":{"rendered":"D\u00e9couvrez la r\u00e9gion"},"content":{"rendered":"\n<p class=\"has-large-font-size\"><mark style=\"background-color:rgba(0, 0, 0, 0)\" class=\"has-inline-color has-vivid-cyan-blue-color\">La route des ch\u00e2teaux <\/mark><\/p>\n\n\n\n<p><strong>A<mark style=\"background-color:rgba(0, 0, 0, 0)\" class=\"has-inline-color has-vivid-cyan-blue-color\"> 5 minutes <\/mark>&#8211; Amboise et son ch\u00e2teau royal <\/strong><\/p>\n\n\n\n<figure class=\"wp-block-image size-large is-style-rounded\"><img loading=\"lazy\" decoding=\"async\" width=\"1024\" height=\"267\" src=\"https:\/\/www.ledomaineducerf.fr\/wp-content\/uploads\/2022\/03\/csm_bandeau-panorama-chateau-Loire_b76e05fe41-1024x267.jpg\" alt=\"\" class=\"wp-image-417\" srcset=\"https:\/\/www.ledomaineducerf.fr\/wp-content\/uploads\/2022\/03\/csm_bandeau-panorama-chateau-Loire_b76e05fe41-1024x267.jpg 1024w, https:\/\/www.ledomaineducerf.fr\/wp-content\/uploads\/2022\/03\/csm_bandeau-panorama-chateau-Loire_b76e05fe41-300x78.jpg 300w, https:\/\/www.ledomaineducerf.fr\/wp-content\/uploads\/2022\/03\/csm_bandeau-panorama-chateau-Loire_b76e05fe41-768x200.jpg 768w, https:\/\/www.ledomaineducerf.fr\/wp-content\/uploads\/2022\/03\/csm_bandeau-panorama-chateau-Loire_b76e05fe41-1536x400.jpg 1536w, https:\/\/www.ledomaineducerf.fr\/wp-content\/uploads\/2022\/03\/csm_bandeau-panorama-chateau-Loire_b76e05fe41.jpg 1920w\" sizes=\"(max-width: 1024px) 100vw, 1024px\" \/><\/figure>\n\n\n\n<p class=\"has-small-font-size\"><em>Source: https:\/\/www.touraineloirevalley.com\/patrimoine-culturel\/chateau-de-chenonceau-chenonceaux\/<\/em><\/p>\n\n\n\n<p><strong>A<mark style=\"background-color:rgba(0, 0, 0, 0)\" class=\"has-inline-color has-vivid-cyan-blue-color\"> 10 minutes <\/mark>&#8211; Ch\u00e2teau Clos Luc\u00e9, sur les traces de L\u00e9onard Do Vinci <\/strong><\/p>\n\n\n\n<figure class=\"wp-block-image size-large is-style-rounded\"><img loading=\"lazy\" decoding=\"async\" width=\"1024\" height=\"635\" src=\"https:\/\/www.ledomaineducerf.fr\/wp-content\/uploads\/2022\/03\/499645_le_clos_luce__leonard_de_serres-1024x635.jpg\" alt=\"\" class=\"wp-image-428\" srcset=\"https:\/\/www.ledomaineducerf.fr\/wp-content\/uploads\/2022\/03\/499645_le_clos_luce__leonard_de_serres-1024x635.jpg 1024w, https:\/\/www.ledomaineducerf.fr\/wp-content\/uploads\/2022\/03\/499645_le_clos_luce__leonard_de_serres-300x186.jpg 300w, https:\/\/www.ledomaineducerf.fr\/wp-content\/uploads\/2022\/03\/499645_le_clos_luce__leonard_de_serres-768x476.jpg 768w, https:\/\/www.ledomaineducerf.fr\/wp-content\/uploads\/2022\/03\/499645_le_clos_luce__leonard_de_serres.jpg 1200w\" sizes=\"(max-width: 1024px) 100vw, 1024px\" \/><\/figure>\n\n\n\n<p class=\"has-small-font-size\">Source: https:\/\/www.bloischambord.com\/planifier\/patrimoine\/parcs-jardins\/chateau-du-clos-luce-parc-leonardo-da-vinci-250333<\/p>\n\n\n\n<p><strong>A <mark style=\"background-color:rgba(0, 0, 0, 0)\" class=\"has-inline-color has-vivid-cyan-blue-color\">20 minutes<\/mark> &#8211; Ch\u00e2teau de Chenonceau<\/strong><\/p>\n\n\n\n<figure class=\"wp-block-image size-full is-style-rounded\"><img loading=\"lazy\" decoding=\"async\" width=\"800\" height=\"502\" src=\"https:\/\/www.ledomaineducerf.fr\/wp-content\/uploads\/2022\/03\/visuel-2021-MD.jpg\" alt=\"\" class=\"wp-image-419\" srcset=\"https:\/\/www.ledomaineducerf.fr\/wp-content\/uploads\/2022\/03\/visuel-2021-MD.jpg 800w, https:\/\/www.ledomaineducerf.fr\/wp-content\/uploads\/2022\/03\/visuel-2021-MD-300x188.jpg 300w, https:\/\/www.ledomaineducerf.fr\/wp-content\/uploads\/2022\/03\/visuel-2021-MD-768x482.jpg 768w\" sizes=\"(max-width: 800px) 100vw, 800px\" \/><\/figure>\n\n\n\n<p class=\"has-small-font-size\"><em>Source: https:\/\/www.touraineloirevalley.com\/patrimoine-culturel\/chateau-de-chenonceau-chenonceaux\/<\/em><\/p>\n\n\n\n<p><strong>A <mark style=\"background-color:rgba(0, 0, 0, 0)\" class=\"has-inline-color has-vivid-cyan-blue-color\">40 minutes<\/mark> &#8211; Ch\u00e2teau de Chambord <\/strong><\/p>\n\n\n\n<figure class=\"wp-block-image size-large is-style-rounded\"><img loading=\"lazy\" decoding=\"async\" width=\"1024\" height=\"413\" src=\"https:\/\/www.ledomaineducerf.fr\/wp-content\/uploads\/2022\/03\/les-jardins-a-la-francaise-chambord-leonard-de-serres-1024x413.jpg\" alt=\"\" class=\"wp-image-426\" srcset=\"https:\/\/www.ledomaineducerf.fr\/wp-content\/uploads\/2022\/03\/les-jardins-a-la-francaise-chambord-leonard-de-serres-1024x413.jpg 1024w, https:\/\/www.ledomaineducerf.fr\/wp-content\/uploads\/2022\/03\/les-jardins-a-la-francaise-chambord-leonard-de-serres-300x121.jpg 300w, https:\/\/www.ledomaineducerf.fr\/wp-content\/uploads\/2022\/03\/les-jardins-a-la-francaise-chambord-leonard-de-serres-768x310.jpg 768w, https:\/\/www.ledomaineducerf.fr\/wp-content\/uploads\/2022\/03\/les-jardins-a-la-francaise-chambord-leonard-de-serres-1536x620.jpg 1536w, https:\/\/www.ledomaineducerf.fr\/wp-content\/uploads\/2022\/03\/les-jardins-a-la-francaise-chambord-leonard-de-serres-2048x827.jpg 2048w\" sizes=\"(max-width: 1024px) 100vw, 1024px\" \/><\/figure>\n\n\n\n<p class=\"has-small-font-size\"><em>Source: https:\/\/www.leschateauxdelaloire.org\/membres\/chateau-de-chambord\/<\/em><\/p>\n\n\n\n<p class=\"has-large-font-size\"><mark style=\"background-color:rgba(0, 0, 0, 0)\" class=\"has-inline-color has-vivid-cyan-blue-color\">Pour petits et grands <\/mark><\/p>\n\n\n\n<p><strong>A <mark style=\"background-color:rgba(0, 0, 0, 0)\" class=\"has-inline-color has-vivid-cyan-blue-color\">50 minutes<\/mark> &#8211; Zoo de Beauval, 4\u00e8me plus beau zoo du monde <\/strong><\/p>\n\n\n\n<div class=\"wp-block-image is-style-rounded\"><figure class=\"aligncenter size-full\"><img loading=\"lazy\" decoding=\"async\" width=\"650\" height=\"400\" src=\"https:\/\/www.ledomaineducerf.fr\/wp-content\/uploads\/2022\/03\/Zoo-Beauval.jpg\" alt=\"\" class=\"wp-image-431\" srcset=\"https:\/\/www.ledomaineducerf.fr\/wp-content\/uploads\/2022\/03\/Zoo-Beauval.jpg 650w, https:\/\/www.ledomaineducerf.fr\/wp-content\/uploads\/2022\/03\/Zoo-Beauval-300x185.jpg 300w\" sizes=\"(max-width: 650px) 100vw, 650px\" \/><\/figure><\/div>\n\n\n\n<p class=\"has-small-font-size\"><em>Source: https:\/\/dicolova.com\/cos86\/boutique\/loisirs-decouvertes-de-plein-air\/zoo-de-beauval\/<\/em><\/p>\n\n\n\n<p><strong>A <mark style=\"background-color:rgba(0, 0, 0, 0)\" class=\"has-inline-color has-vivid-cyan-blue-color\">1h30<\/mark> &#8211; Le Futuroscope <\/strong><\/p>\n\n\n\n<figure class=\"wp-block-image size-large is-style-rounded\"><img loading=\"lazy\" decoding=\"async\" width=\"1024\" height=\"307\" src=\"https:\/\/www.ledomaineducerf.fr\/wp-content\/uploads\/2022\/03\/5db5c33357cd6_header-horaires-calendrier-1024x307.jpg\" alt=\"\" class=\"wp-image-433\" srcset=\"https:\/\/www.ledomaineducerf.fr\/wp-content\/uploads\/2022\/03\/5db5c33357cd6_header-horaires-calendrier-1024x307.jpg 1024w, https:\/\/www.ledomaineducerf.fr\/wp-content\/uploads\/2022\/03\/5db5c33357cd6_header-horaires-calendrier-300x90.jpg 300w, https:\/\/www.ledomaineducerf.fr\/wp-content\/uploads\/2022\/03\/5db5c33357cd6_header-horaires-calendrier-768x230.jpg 768w, https:\/\/www.ledomaineducerf.fr\/wp-content\/uploads\/2022\/03\/5db5c33357cd6_header-horaires-calendrier.jpg 1280w\" sizes=\"(max-width: 1024px) 100vw, 1024px\" \/><\/figure>\n\n\n\n<p class=\"has-small-font-size\"><em>Source: https:\/\/www.futuroscope.com\/fr\/infos-pratiques\/horaires-et-calendrier<\/em><\/p>\n\n\n\n<p> <\/p>\n","protected":false},"excerpt":{"rendered":"<p>La route des ch\u00e2teaux A 5 minutes &#8211; Amboise et son ch\u00e2teau royal Source: https:\/\/www.touraineloirevalley.com\/patrimoine-culturel\/chateau-de-chenonceau-chenonceaux\/ A 10 minutes &#8211; Ch\u00e2teau Clos Luc\u00e9, sur les traces de L\u00e9onard Do Vinci Source: https:\/\/www.bloischambord.com\/planifier\/patrimoine\/parcs-jardins\/chateau-du-clos-luce-parc-leonardo-da-vinci-250333 A 20 minutes &#8211; Ch\u00e2teau de Chenonceau Source: https:\/\/www.touraineloirevalley.com\/patrimoine-culturel\/chateau-de-chenonceau-chenonceaux\/ A 40 minutes &#8211; Ch\u00e2teau de Chambord Source: https:\/\/www.leschateauxdelaloire.org\/membres\/chateau-de-chambord\/ Pour petits et grands A 50 minutes &#8211; Zoo de Beauval, 4\u00e8me plus beau zoo du monde Source: https:\/\/dicolova.com\/cos86\/boutique\/loisirs-decouvertes-de-plein-air\/zoo-de-beauval\/ A 1h30 &#8211; Le Futuroscope Source: https:\/\/www.futuroscope.com\/fr\/infos-pratiques\/horaires-et-calendrier<\/p>\n","protected":false},"author":1,"featured_media":0,"parent":0,"menu_order":0,"comment_status":"closed","ping_status":"closed","template":"","meta":{"om_disable_all_campaigns":false,"_monsterinsights_skip_tracking":false,"_monsterinsights_sitenote_active":false,"_monsterinsights_sitenote_note":"","_monsterinsights_sitenote_category":0,"_uf_show_specific_survey":0,"_uf_disable_surveys":false,"footnotes":""},"class_list":["post-348","page","type-page","status-publish","hentry"],"aioseo_notices":[],"_links":{"self":[{"href":"https:\/\/www.ledomaineducerf.fr\/index.php?rest_route=\/wp\/v2\/pages\/348"}],"collection":[{"href":"https:\/\/www.ledomaineducerf.fr\/index.php?rest_route=\/wp\/v2\/pages"}],"about":[{"href":"https:\/\/www.ledomaineducerf.fr\/index.php?rest_route=\/wp\/v2\/types\/page"}],"author":[{"embeddable":true,"href":"https:\/\/www.ledomaineducerf.fr\/index.php?rest_route=\/wp\/v2\/users\/1"}],"replies":[{"embeddable":true,"href":"https:\/\/www.ledomaineducerf.fr\/index.php?rest_route=%2Fwp%2Fv2%2Fcomments&post=348"}],"version-history":[{"count":10,"href":"https:\/\/www.ledomaineducerf.fr\/index.php?rest_route=\/wp\/v2\/pages\/348\/revisions"}],"predecessor-version":[{"id":436,"href":"https:\/\/www.ledomaineducerf.fr\/index.php?rest_route=\/wp\/v2\/pages\/348\/revisions\/436"}],"wp:attachment":[{"href":"https:\/\/www.ledomaineducerf.fr\/index.php?rest_route=%2Fwp%2Fv2%2Fmedia&parent=348"}],"curies":[{"name":"wp","href":"https:\/\/api.w.org\/{rel}","templated":true}]}}