{"id":63,"date":"2021-03-26T18:44:45","date_gmt":"2021-03-26T17:44:45","guid":{"rendered":"https:\/\/www.ledomaineducerf.fr\/?page_id=63"},"modified":"2022-03-17T17:06:09","modified_gmt":"2022-03-17T16:06:09","slug":"mentions-legales","status":"publish","type":"page","link":"https:\/\/www.ledomaineducerf.fr\/?page_id=63","title":{"rendered":"Mentions l\u00e9gales"},"content":{"rendered":"\n<p>Le site \u00ab\u00a0Le Domaine du Cerf\u00a0\u00bb est \u00e9dit\u00e9 par la soci\u00e9t\u00e9 MERABTI LMNP <\/p>\n\n\n\n<blockquote class=\"wp-block-quote is-layout-flow wp-block-quote-is-layout-flow\"><p><strong>Le Domaine du Cerf<\/strong><\/p><p>19-21 Rue Jules Gautier<br>37530 Saint Ouen Les Vignes<br>RCS Tours 904 196 128<\/p><p>T\u00e9l\u00e9phone : 06 95 67 64 91<\/p><\/blockquote>\n\n\n\n<p>Directeur de la publication : Malik Merabti<\/p>\n\n\n\n<p>Le site LeDomaineduCerf.fr est h\u00e9berg\u00e9 sur les serveurs de la soci\u00e9t\u00e9 OVH SAS.<\/p>\n\n\n\n<p>SAS au capital de 10 069 020 \u20ac<br>RCS Lille M\u00e9tropole 424 761 419 00045<br>Code APE 2620Z<br>N\u00b0 TVA : FR 22 424 761 419<br>Si\u00e8ge social : 2 rue Kellermann &#8211; 59100 Roubaix &#8211; France<\/p>\n\n\n\n<p>www.ovh.com<\/p>\n","protected":false},"excerpt":{"rendered":"<p>Le site \u00ab\u00a0Le Domaine du Cerf\u00a0\u00bb est \u00e9dit\u00e9 par la soci\u00e9t\u00e9 MERABTI LMNP Le Domaine du Cerf 19-21 Rue Jules Gautier37530 Saint Ouen Les VignesRCS Tours 904 196 128 T\u00e9l\u00e9phone : 06 95 67 64 91 Directeur de la publication : Malik Merabti Le site LeDomaineduCerf.fr est h\u00e9berg\u00e9 sur les serveurs de la soci\u00e9t\u00e9 OVH SAS. SAS au capital de 10 069 020 \u20acRCS Lille M\u00e9tropole 424 761 419 00045Code APE 2620ZN\u00b0 TVA : FR 22 424 761 419Si\u00e8ge social : 2 rue Kellermann &#8211; 59100 Roubaix &#8211; France www.ovh.com<\/p>\n","protected":false},"author":1,"featured_media":0,"parent":0,"menu_order":0,"comment_status":"closed","ping_status":"closed","template":"","meta":{"om_disable_all_campaigns":false,"_monsterinsights_skip_tracking":false,"_monsterinsights_sitenote_active":false,"_monsterinsights_sitenote_note":"","_monsterinsights_sitenote_category":0,"_uf_show_specific_survey":0,"_uf_disable_surveys":false,"footnotes":""},"class_list":["post-63","page","type-page","status-publish","hentry"],"aioseo_notices":[],"_links":{"self":[{"href":"https:\/\/www.ledomaineducerf.fr\/index.php?rest_route=\/wp\/v2\/pages\/63"}],"collection":[{"href":"https:\/\/www.ledomaineducerf.fr\/index.php?rest_route=\/wp\/v2\/pages"}],"about":[{"href":"https:\/\/www.ledomaineducerf.fr\/index.php?rest_route=\/wp\/v2\/types\/page"}],"author":[{"embeddable":true,"href":"https:\/\/www.ledomaineducerf.fr\/index.php?rest_route=\/wp\/v2\/users\/1"}],"replies":[{"embeddable":true,"href":"https:\/\/www.ledomaineducerf.fr\/index.php?rest_route=%2Fwp%2Fv2%2Fcomments&post=63"}],"version-history":[{"count":7,"href":"https:\/\/www.ledomaineducerf.fr\/index.php?rest_route=\/wp\/v2\/pages\/63\/revisions"}],"predecessor-version":[{"id":458,"href":"https:\/\/www.ledomaineducerf.fr\/index.php?rest_route=\/wp\/v2\/pages\/63\/revisions\/458"}],"wp:attachment":[{"href":"https:\/\/www.ledomaineducerf.fr\/index.php?rest_route=%2Fwp%2Fv2%2Fmedia&parent=63"}],"curies":[{"name":"wp","href":"https:\/\/api.w.org\/{rel}","templated":true}]}}